{"id":1474,"date":"2019-11-26T12:05:51","date_gmt":"2019-11-26T12:05:51","guid":{"rendered":"https:\/\/jbvidgerdir.is\/contact\/"},"modified":"2026-04-22T12:00:56","modified_gmt":"2026-04-22T12:00:56","slug":"contact","status":"publish","type":"page","link":"https:\/\/jbvidgerdir.is\/pl\/contact\/","title":{"rendered":"Kontakt"},"content":{"rendered":"\t\t<div data-elementor-type=\"wp-page\" data-elementor-id=\"1474\" class=\"elementor elementor-1474 elementor-76\">\n\t\t\t\t\t\t<div class=\"elementor-inner\">\n\t\t\t\t<div class=\"elementor-section-wrap\">\n\t\t\t\t\t\t\t\t\t<section class=\"elementor-section elementor-top-section elementor-element elementor-element-3bb3079 elementor-section-height-min-height elementor-section-content-middle elementor-section-boxed elementor-section-height-default elementor-section-items-middle\" data-id=\"3bb3079\" data-element_type=\"section\" data-settings=\"{&quot;background_background&quot;:&quot;classic&quot;}\">\n\t\t\t\t\t\t<div class=\"elementor-container elementor-column-gap-default\">\n\t\t\t\t\t\t\t<div class=\"elementor-row\">\n\t\t\t\t\t<div class=\"elementor-column elementor-col-50 elementor-top-column elementor-element elementor-element-2a87ec5\" data-id=\"2a87ec5\" data-element_type=\"column\">\n\t\t\t<div class=\"elementor-column-wrap elementor-element-populated\">\n\t\t\t\t\t\t\t<div class=\"elementor-widget-wrap\">\n\t\t\t\t\t\t<div class=\"elementor-element elementor-element-4f41e0f7 elementor-position-left elementor-view-default elementor-mobile-position-top elementor-vertical-align-top elementor-widget elementor-widget-icon-box\" data-id=\"4f41e0f7\" data-element_type=\"widget\" data-widget_type=\"icon-box.default\">\n\t\t\t\t<div class=\"elementor-widget-container\">\n\t\t\t\t\t<div class=\"elementor-icon-box-wrapper\">\n\t\t\t\t\t\t<div class=\"elementor-icon-box-icon\">\n\t\t\t\t<span class=\"elementor-icon elementor-animation-\" >\n\t\t\t\t<i aria-hidden=\"true\" class=\"fas fa-phone\"><\/i>\t\t\t\t<\/span>\n\t\t\t<\/div>\n\t\t\t\t\t\t<div class=\"elementor-icon-box-content\">\n\t\t\t\t<span class=\"elementor-icon-box-title\">\n\t\t\t\t\t<span  >\n\t\t\t\t\t\t865-5678\t\t\t\t\t<\/span>\n\t\t\t\t<\/span>\n\t\t\t\t\t\t\t<\/div>\n\t\t<\/div>\n\t\t\t\t<\/div>\n\t\t\t\t<\/div>\n\t\t\t\t<div class=\"elementor-element elementor-element-1a0b2a78 elementor-position-left elementor-view-default elementor-mobile-position-top elementor-vertical-align-top elementor-widget elementor-widget-icon-box\" data-id=\"1a0b2a78\" data-element_type=\"widget\" data-widget_type=\"icon-box.default\">\n\t\t\t\t<div class=\"elementor-widget-container\">\n\t\t\t\t\t<div class=\"elementor-icon-box-wrapper\">\n\t\t\t\t\t\t<div class=\"elementor-icon-box-icon\">\n\t\t\t\t<span class=\"elementor-icon elementor-animation-\" >\n\t\t\t\t<i aria-hidden=\"true\" class=\"fas fa-building\"><\/i>\t\t\t\t<\/span>\n\t\t\t<\/div>\n\t\t\t\t\t\t<div class=\"elementor-icon-box-content\">\n\t\t\t\t<span class=\"elementor-icon-box-title\">\n\t\t\t\t\t<span  >\n\t\t\t\t\t\tSmi\u00f0just\u00edgur 8, 845 Flu\u00f0ir\t\t\t\t\t<\/span>\n\t\t\t\t<\/span>\n\t\t\t\t\t\t\t<\/div>\n\t\t<\/div>\n\t\t\t\t<\/div>\n\t\t\t\t<\/div>\n\t\t\t\t<div class=\"elementor-element elementor-element-60d5d80 elementor-position-left elementor-view-default elementor-mobile-position-top elementor-vertical-align-top elementor-widget elementor-widget-icon-box\" data-id=\"60d5d80\" data-element_type=\"widget\" data-widget_type=\"icon-box.default\">\n\t\t\t\t<div class=\"elementor-widget-container\">\n\t\t\t\t\t<div class=\"elementor-icon-box-wrapper\">\n\t\t\t\t\t\t<div class=\"elementor-icon-box-icon\">\n\t\t\t\t<span class=\"elementor-icon elementor-animation-\" >\n\t\t\t\t<i aria-hidden=\"true\" class=\"fas fa-mail-bulk\"><\/i>\t\t\t\t<\/span>\n\t\t\t<\/div>\n\t\t\t\t\t\t<div class=\"elementor-icon-box-content\">\n\t\t\t\t<span class=\"elementor-icon-box-title\">\n\t\t\t\t\t<span  >\n\t\t\t\t\t\tjareklacek33@gmail.com\t\t\t\t\t<\/span>\n\t\t\t\t<\/span>\n\t\t\t\t\t\t\t<\/div>\n\t\t<\/div>\n\t\t\t\t<\/div>\n\t\t\t\t<\/div>\n\t\t\t\t\t\t<\/div>\n\t\t\t\t\t<\/div>\n\t\t<\/div>\n\t\t\t\t<div class=\"elementor-column elementor-col-50 elementor-top-column elementor-element elementor-element-f656b07\" data-id=\"f656b07\" data-element_type=\"column\">\n\t\t\t<div class=\"elementor-column-wrap elementor-element-populated\">\n\t\t\t\t\t\t\t<div class=\"elementor-widget-wrap\">\n\t\t\t\t\t\t<div class=\"elementor-element elementor-element-7978f7 elementor-widget elementor-widget-google_maps\" data-id=\"7978f7\" data-element_type=\"widget\" data-widget_type=\"google_maps.default\">\n\t\t\t\t<div class=\"elementor-widget-container\">\n\t\t\t\t\t<div class=\"elementor-custom-embed\">\n\t\t\t<iframe loading=\"lazy\"\n\t\t\t\t\tsrc=\"https:\/\/maps.google.com\/maps?q=Smi%C3%B0just%C3%ADgur%208%2C%20845%20Flu%C3%B0ir&#038;t=m&#038;z=15&#038;output=embed&#038;iwloc=near\"\n\t\t\t\t\ttitle=\"Smi\u00f0just\u00edgur 8, 845 Flu\u00f0ir\"\n\t\t\t\t\taria-label=\"Smi\u00f0just\u00edgur 8, 845 Flu\u00f0ir\"\n\t\t\t><\/iframe>\n\t\t<\/div>\n\t\t\t\t<\/div>\n\t\t\t\t<\/div>\n\t\t\t\t\t\t<\/div>\n\t\t\t\t\t<\/div>\n\t\t<\/div>\n\t\t\t\t\t\t\t\t<\/div>\n\t\t\t\t\t<\/div>\n\t\t<\/section>\n\t\t\t\t\t\t\t\t\t<\/div>\n\t\t\t<\/div>\n\t\t\t\t\t<\/div>\n\t\t","protected":false},"excerpt":{"rendered":"<p>865-5678 Smi\u00f0just\u00edgur 8, 845 Flu\u00f0ir jareklacek33@gmail.com<\/p>\n","protected":false},"author":1,"featured_media":0,"parent":0,"menu_order":0,"comment_status":"closed","ping_status":"closed","template":"","meta":{"_acf_changed":false,"inline_featured_image":false,"footnotes":""},"class_list":["post-1474","page","type-page","status-publish","hentry"],"blocksy_meta":{"styles_descriptor":{"styles":{"desktop":"","tablet":"","mobile":""},"google_fonts":[],"version":6}},"acf":[],"yoast_head":"<!-- This site is optimized with the Yoast SEO plugin v20.3 - https:\/\/yoast.com\/wordpress\/plugins\/seo\/ -->\n<title>Kontakt - B\u00cdLAVERKST\u00c6\u00d0I FLU\u00d0IR - JB VI\u00d0GER\u00d0IR<\/title>\n<meta name=\"robots\" content=\"index, follow, max-snippet:-1, max-image-preview:large, max-video-preview:-1\" \/>\n<link rel=\"canonical\" href=\"https:\/\/jbvidgerdir.is\/contact\/\" \/>\n<meta property=\"og:locale\" content=\"pl_PL\" \/>\n<meta property=\"og:type\" content=\"article\" \/>\n<meta property=\"og:title\" content=\"Kontakt - B\u00cdLAVERKST\u00c6\u00d0I FLU\u00d0IR - JB VI\u00d0GER\u00d0IR\" \/>\n<meta property=\"og:description\" content=\"865-5678 Smi\u00f0just\u00edgur 8, 845 Flu\u00f0ir jareklacek33@gmail.com\" \/>\n<meta property=\"og:url\" content=\"https:\/\/jbvidgerdir.is\/contact\/\" \/>\n<meta property=\"og:site_name\" content=\"B\u00cdLAVERKST\u00c6\u00d0I FLU\u00d0IR - JB VI\u00d0GER\u00d0IR\" \/>\n<meta property=\"article:modified_time\" content=\"2026-04-22T12:00:56+00:00\" \/>\n<meta name=\"twitter:card\" content=\"summary_large_image\" \/>\n<meta name=\"twitter:label1\" content=\"Szacowany czas czytania\" \/>\n\t<meta name=\"twitter:data1\" content=\"1 minuta\" \/>\n<script type=\"application\/ld+json\" class=\"yoast-schema-graph\">{\"@context\":\"https:\/\/schema.org\",\"@graph\":[{\"@type\":\"WebPage\",\"@id\":\"https:\/\/jbvidgerdir.is\/contact\/\",\"url\":\"https:\/\/jbvidgerdir.is\/contact\/\",\"name\":\"Kontakt - B\u00cdLAVERKST\u00c6\u00d0I FLU\u00d0IR - JB VI\u00d0GER\u00d0IR\",\"isPartOf\":{\"@id\":\"https:\/\/jbvidgerdir.is\/#website\"},\"datePublished\":\"2019-11-26T12:05:51+00:00\",\"dateModified\":\"2026-04-22T12:00:56+00:00\",\"breadcrumb\":{\"@id\":\"https:\/\/jbvidgerdir.is\/contact\/#breadcrumb\"},\"inLanguage\":\"pl-PL\",\"potentialAction\":[{\"@type\":\"ReadAction\",\"target\":[\"https:\/\/jbvidgerdir.is\/contact\/\"]}]},{\"@type\":\"BreadcrumbList\",\"@id\":\"https:\/\/jbvidgerdir.is\/contact\/#breadcrumb\",\"itemListElement\":[{\"@type\":\"ListItem\",\"position\":1,\"name\":\"Home\",\"item\":\"https:\/\/jbvidgerdir.is\/is\/\"},{\"@type\":\"ListItem\",\"position\":2,\"name\":\"Kontakt\"}]},{\"@type\":\"WebSite\",\"@id\":\"https:\/\/jbvidgerdir.is\/#website\",\"url\":\"https:\/\/jbvidgerdir.is\/\",\"name\":\"B\u00cdLAVERKST\u00c6\u00d0I FLU\u00d0IR - JB VI\u00d0GER\u00d0IR\",\"description\":\"Car mechanic in Flu\u00f0ir\",\"publisher\":{\"@id\":\"https:\/\/jbvidgerdir.is\/#organization\"},\"potentialAction\":[{\"@type\":\"SearchAction\",\"target\":{\"@type\":\"EntryPoint\",\"urlTemplate\":\"https:\/\/jbvidgerdir.is\/?s={search_term_string}\"},\"query-input\":\"required name=search_term_string\"}],\"inLanguage\":\"pl-PL\"},{\"@type\":\"Organization\",\"@id\":\"https:\/\/jbvidgerdir.is\/#organization\",\"name\":\"B\u00cdLAVERKST\u00c6\u00d0I JB VI\u00d0GER\u00d0IR\",\"url\":\"https:\/\/jbvidgerdir.is\/\",\"logo\":{\"@type\":\"ImageObject\",\"inLanguage\":\"pl-PL\",\"@id\":\"https:\/\/jbvidgerdir.is\/#\/schema\/logo\/image\/\",\"url\":\"https:\/\/jbvidgerdir.is\/wp-content\/uploads\/2020\/07\/logo-jbvidgerdir.png\",\"contentUrl\":\"https:\/\/jbvidgerdir.is\/wp-content\/uploads\/2020\/07\/logo-jbvidgerdir.png\",\"width\":250,\"height\":69,\"caption\":\"B\u00cdLAVERKST\u00c6\u00d0I JB VI\u00d0GER\u00d0IR\"},\"image\":{\"@id\":\"https:\/\/jbvidgerdir.is\/#\/schema\/logo\/image\/\"}}]}<\/script>\n<!-- \/ Yoast SEO plugin. -->","yoast_head_json":{"title":"Kontakt - B\u00cdLAVERKST\u00c6\u00d0I FLU\u00d0IR - JB VI\u00d0GER\u00d0IR","robots":{"index":"index","follow":"follow","max-snippet":"max-snippet:-1","max-image-preview":"max-image-preview:large","max-video-preview":"max-video-preview:-1"},"canonical":"https:\/\/jbvidgerdir.is\/contact\/","og_locale":"pl_PL","og_type":"article","og_title":"Kontakt - B\u00cdLAVERKST\u00c6\u00d0I FLU\u00d0IR - JB VI\u00d0GER\u00d0IR","og_description":"865-5678 Smi\u00f0just\u00edgur 8, 845 Flu\u00f0ir jareklacek33@gmail.com","og_url":"https:\/\/jbvidgerdir.is\/contact\/","og_site_name":"B\u00cdLAVERKST\u00c6\u00d0I FLU\u00d0IR - JB VI\u00d0GER\u00d0IR","article_modified_time":"2026-04-22T12:00:56+00:00","twitter_card":"summary_large_image","twitter_misc":{"Szacowany czas czytania":"1 minuta"},"schema":{"@context":"https:\/\/schema.org","@graph":[{"@type":"WebPage","@id":"https:\/\/jbvidgerdir.is\/contact\/","url":"https:\/\/jbvidgerdir.is\/contact\/","name":"Kontakt - B\u00cdLAVERKST\u00c6\u00d0I FLU\u00d0IR - JB VI\u00d0GER\u00d0IR","isPartOf":{"@id":"https:\/\/jbvidgerdir.is\/#website"},"datePublished":"2019-11-26T12:05:51+00:00","dateModified":"2026-04-22T12:00:56+00:00","breadcrumb":{"@id":"https:\/\/jbvidgerdir.is\/contact\/#breadcrumb"},"inLanguage":"pl-PL","potentialAction":[{"@type":"ReadAction","target":["https:\/\/jbvidgerdir.is\/contact\/"]}]},{"@type":"BreadcrumbList","@id":"https:\/\/jbvidgerdir.is\/contact\/#breadcrumb","itemListElement":[{"@type":"ListItem","position":1,"name":"Home","item":"https:\/\/jbvidgerdir.is\/is\/"},{"@type":"ListItem","position":2,"name":"Kontakt"}]},{"@type":"WebSite","@id":"https:\/\/jbvidgerdir.is\/#website","url":"https:\/\/jbvidgerdir.is\/","name":"B\u00cdLAVERKST\u00c6\u00d0I FLU\u00d0IR - JB VI\u00d0GER\u00d0IR","description":"Car mechanic in Flu\u00f0ir","publisher":{"@id":"https:\/\/jbvidgerdir.is\/#organization"},"potentialAction":[{"@type":"SearchAction","target":{"@type":"EntryPoint","urlTemplate":"https:\/\/jbvidgerdir.is\/?s={search_term_string}"},"query-input":"required name=search_term_string"}],"inLanguage":"pl-PL"},{"@type":"Organization","@id":"https:\/\/jbvidgerdir.is\/#organization","name":"B\u00cdLAVERKST\u00c6\u00d0I JB VI\u00d0GER\u00d0IR","url":"https:\/\/jbvidgerdir.is\/","logo":{"@type":"ImageObject","inLanguage":"pl-PL","@id":"https:\/\/jbvidgerdir.is\/#\/schema\/logo\/image\/","url":"https:\/\/jbvidgerdir.is\/wp-content\/uploads\/2020\/07\/logo-jbvidgerdir.png","contentUrl":"https:\/\/jbvidgerdir.is\/wp-content\/uploads\/2020\/07\/logo-jbvidgerdir.png","width":250,"height":69,"caption":"B\u00cdLAVERKST\u00c6\u00d0I JB VI\u00d0GER\u00d0IR"},"image":{"@id":"https:\/\/jbvidgerdir.is\/#\/schema\/logo\/image\/"}}]}},"_links":{"self":[{"href":"https:\/\/jbvidgerdir.is\/pl\/wp-json\/wp\/v2\/pages\/1474","targetHints":{"allow":["GET"]}}],"collection":[{"href":"https:\/\/jbvidgerdir.is\/pl\/wp-json\/wp\/v2\/pages"}],"about":[{"href":"https:\/\/jbvidgerdir.is\/pl\/wp-json\/wp\/v2\/types\/page"}],"author":[{"embeddable":true,"href":"https:\/\/jbvidgerdir.is\/pl\/wp-json\/wp\/v2\/users\/1"}],"replies":[{"embeddable":true,"href":"https:\/\/jbvidgerdir.is\/pl\/wp-json\/wp\/v2\/comments?post=1474"}],"version-history":[{"count":3,"href":"https:\/\/jbvidgerdir.is\/pl\/wp-json\/wp\/v2\/pages\/1474\/revisions"}],"predecessor-version":[{"id":1598,"href":"https:\/\/jbvidgerdir.is\/pl\/wp-json\/wp\/v2\/pages\/1474\/revisions\/1598"}],"wp:attachment":[{"href":"https:\/\/jbvidgerdir.is\/pl\/wp-json\/wp\/v2\/media?parent=1474"}],"curies":[{"name":"wp","href":"https:\/\/api.w.org\/{rel}","templated":true}]}}