{"id":1523,"date":"2022-02-09T10:08:25","date_gmt":"2022-02-09T10:08:25","guid":{"rendered":"https:\/\/jbvidgerdir.is\/car-detailing-and-ceramic-coating\/"},"modified":"2022-02-23T10:07:35","modified_gmt":"2022-02-23T10:07:35","slug":"car-detailing-and-ceramic-coating","status":"publish","type":"page","link":"https:\/\/jbvidgerdir.is\/is\/car-detailing-and-ceramic-coating\/","title":{"rendered":"Car Detailing and ceramic coating"},"content":{"rendered":"\t\t<div data-elementor-type=\"wp-page\" data-elementor-id=\"1523\" class=\"elementor elementor-1523 elementor-1219\">\n\t\t\t\t\t\t<div class=\"elementor-inner\">\n\t\t\t\t<div class=\"elementor-section-wrap\">\n\t\t\t\t\t\t\t\t\t<section class=\"elementor-section elementor-top-section elementor-element elementor-element-1b75041 ct-section-stretched elementor-section-height-full elementor-section-boxed elementor-section-height-default elementor-section-items-middle\" data-id=\"1b75041\" data-element_type=\"section\" data-settings=\"{&quot;background_background&quot;:&quot;video&quot;,&quot;background_video_link&quot;:&quot;https:\\\/\\\/jbvidgerdir.is\\\/wp-content\\\/uploads\\\/2022\\\/02\\\/automatic-transmission-and-gear-stick-of-a-luxury-2021-08-29-14-44-32-utc_2.mp4&quot;,&quot;background_play_on_mobile&quot;:&quot;yes&quot;}\">\n\t\t\t\t\t\t\t\t<div class=\"elementor-background-video-container\">\n\t\t\t\t\t\t\t\t\t\t\t\t\t<video class=\"elementor-background-video-hosted elementor-html5-video\" autoplay muted playsinline loop><\/video>\n\t\t\t\t\t\t\t\t\t\t\t<\/div>\n\t\t\t\t\t\t\t\t\t<div class=\"elementor-background-overlay\"><\/div>\n\t\t\t\t\t\t\t<div class=\"elementor-container elementor-column-gap-default\">\n\t\t\t\t\t\t\t<div class=\"elementor-row\">\n\t\t\t\t\t<div class=\"elementor-column elementor-col-100 elementor-top-column elementor-element elementor-element-e513cbe\" data-id=\"e513cbe\" data-element_type=\"column\">\n\t\t\t<div class=\"elementor-column-wrap elementor-element-populated\">\n\t\t\t\t\t\t\t<div class=\"elementor-widget-wrap\">\n\t\t\t\t\t\t<div class=\"elementor-element elementor-element-135a236 elementor-hidden-desktop elementor-hidden-tablet elementor-widget elementor-widget-spacer\" data-id=\"135a236\" data-element_type=\"widget\" data-widget_type=\"spacer.default\">\n\t\t\t\t<div class=\"elementor-widget-container\">\n\t\t\t\t\t<div class=\"elementor-spacer\">\n\t\t\t<div class=\"elementor-spacer-inner\"><\/div>\n\t\t<\/div>\n\t\t\t\t<\/div>\n\t\t\t\t<\/div>\n\t\t\t\t<div class=\"elementor-element elementor-element-4d1154c elementor-widget elementor-widget-heading\" data-id=\"4d1154c\" data-element_type=\"widget\" data-widget_type=\"heading.default\">\n\t\t\t\t<div class=\"elementor-widget-container\">\n\t\t\t<h1 class=\"elementor-heading-title elementor-size-default\">POlishing<br>Detailing<br>Ceramic coating<br>Sale<\/h1>\t\t<\/div>\n\t\t\t\t<\/div>\n\t\t\t\t<div class=\"elementor-element elementor-element-abffcfd elementor-hidden-mobile elementor-widget elementor-widget-image\" data-id=\"abffcfd\" data-element_type=\"widget\" data-widget_type=\"image.default\">\n\t\t\t\t<div class=\"elementor-widget-container\">\n\t\t\t\t\t\t\t\t<div class=\"elementor-image\">\n\t\t\t\t\t\t\t\t\t\t\t\t<img loading=\"lazy\" decoding=\"async\" width=\"300\" height=\"89\" src=\"https:\/\/jbvidgerdir.is\/wp-content\/uploads\/2022\/02\/Gtechniq-Logo-1-300x89.png\" class=\"attachment-medium size-medium wp-image-1237\" alt=\"\" srcset=\"https:\/\/jbvidgerdir.is\/wp-content\/uploads\/2022\/02\/Gtechniq-Logo-1-300x89.png 300w, https:\/\/jbvidgerdir.is\/wp-content\/uploads\/2022\/02\/Gtechniq-Logo-1.png 758w\" sizes=\"auto, (max-width: 300px) 100vw, 300px\" \/>\t\t\t\t\t\t\t\t\t\t\t\t\t\t<\/div>\n\t\t\t\t\t\t<\/div>\n\t\t\t\t<\/div>\n\t\t\t\t\t\t<\/div>\n\t\t\t\t\t<\/div>\n\t\t<\/div>\n\t\t\t\t\t\t\t\t<\/div>\n\t\t\t\t\t<\/div>\n\t\t<\/section>\n\t\t\t\t<section class=\"elementor-section elementor-top-section elementor-element elementor-element-78ee66d ct-section-stretched elementor-section-full_width elementor-section-height-min-height elementor-section-content-middle elementor-section-height-default elementor-section-items-middle\" data-id=\"78ee66d\" data-element_type=\"section\">\n\t\t\t\t\t\t<div class=\"elementor-container elementor-column-gap-default\">\n\t\t\t\t\t\t\t<div class=\"elementor-row\">\n\t\t\t\t\t<div class=\"elementor-column elementor-col-50 elementor-top-column elementor-element elementor-element-8e0e48b\" data-id=\"8e0e48b\" data-element_type=\"column\">\n\t\t\t<div class=\"elementor-column-wrap elementor-element-populated\">\n\t\t\t\t\t\t\t<div class=\"elementor-widget-wrap\">\n\t\t\t\t\t\t<div class=\"elementor-element elementor-element-31bc3b8 elementor-hidden-mobile elementor-widget elementor-widget-image\" data-id=\"31bc3b8\" data-element_type=\"widget\" data-widget_type=\"image.default\">\n\t\t\t\t<div class=\"elementor-widget-container\">\n\t\t\t\t\t\t\t\t<div class=\"elementor-image\">\n\t\t\t\t\t\t\t\t\t\t\t\t<img loading=\"lazy\" decoding=\"async\" width=\"1024\" height=\"576\" src=\"https:\/\/jbvidgerdir.is\/wp-content\/uploads\/2022\/02\/Artboard-1-1024x576.png\" class=\"attachment-large size-large wp-image-1250\" alt=\"\" srcset=\"https:\/\/jbvidgerdir.is\/wp-content\/uploads\/2022\/02\/Artboard-1-1024x576.png 1024w, https:\/\/jbvidgerdir.is\/wp-content\/uploads\/2022\/02\/Artboard-1-300x169.png 300w, https:\/\/jbvidgerdir.is\/wp-content\/uploads\/2022\/02\/Artboard-1-768x432.png 768w, https:\/\/jbvidgerdir.is\/wp-content\/uploads\/2022\/02\/Artboard-1-1536x864.png 1536w, https:\/\/jbvidgerdir.is\/wp-content\/uploads\/2022\/02\/Artboard-1.png 1920w\" sizes=\"auto, (max-width: 1024px) 100vw, 1024px\" \/>\t\t\t\t\t\t\t\t\t\t\t\t\t\t<\/div>\n\t\t\t\t\t\t<\/div>\n\t\t\t\t<\/div>\n\t\t\t\t\t\t<\/div>\n\t\t\t\t\t<\/div>\n\t\t<\/div>\n\t\t\t\t<div class=\"elementor-column elementor-col-50 elementor-top-column elementor-element elementor-element-dd732a4\" data-id=\"dd732a4\" data-element_type=\"column\">\n\t\t\t<div class=\"elementor-column-wrap elementor-element-populated\">\n\t\t\t\t\t\t\t<div class=\"elementor-widget-wrap\">\n\t\t\t\t\t\t<div class=\"elementor-element elementor-element-d9ae00a elementor-widget elementor-widget-image\" data-id=\"d9ae00a\" data-element_type=\"widget\" data-widget_type=\"image.default\">\n\t\t\t\t<div class=\"elementor-widget-container\">\n\t\t\t\t\t\t\t\t<div class=\"elementor-image\">\n\t\t\t\t\t\t\t\t\t\t\t\t<img loading=\"lazy\" decoding=\"async\" width=\"300\" height=\"89\" src=\"https:\/\/jbvidgerdir.is\/wp-content\/uploads\/2022\/02\/Gtechniq-Logo-1-300x89.png\" class=\"attachment-medium size-medium wp-image-1237\" alt=\"\" srcset=\"https:\/\/jbvidgerdir.is\/wp-content\/uploads\/2022\/02\/Gtechniq-Logo-1-300x89.png 300w, https:\/\/jbvidgerdir.is\/wp-content\/uploads\/2022\/02\/Gtechniq-Logo-1.png 758w\" sizes=\"auto, (max-width: 300px) 100vw, 300px\" \/>\t\t\t\t\t\t\t\t\t\t\t\t\t\t<\/div>\n\t\t\t\t\t\t<\/div>\n\t\t\t\t<\/div>\n\t\t\t\t<div class=\"elementor-element elementor-element-12d851a elementor-widget elementor-widget-text-editor\" data-id=\"12d851a\" data-element_type=\"widget\" data-widget_type=\"text-editor.default\">\n\t\t\t\t<div class=\"elementor-widget-container\">\n\t\t\t\t\t\t\t\t<div class=\"elementor-text-editor elementor-clearfix\">\n\t\t\t\t<div class=\"wpb_text_column wpb_content_element  vc_custom_1590509323030\"><div class=\"wpb_wrapper\"><p>Gtechniq smart surface science combines the latest in fields such as nanochemistry and supramolecular chemistry, with rigorous real-world and laboratory testing. The premise for all Gtechniq products is to hit a sweet spot of performance, ease of application and price. We apply the same principle to our whole range of products<\/p><\/div><\/div><div class=\"wpb_text_column wpb_content_element  vc_custom_1586434623862\"><div class=\"wpb_wrapper\"><p>Advances in silicon technology driven by a high global demand for faster and smaller processors have thrown up a wealth of new and innovative materials, offering a range of solutions that were never possible before. Gtechniq has the experience, connections and motivation to bring to the market, class leading products, proven to improve every aspect of surface care.<\/p><\/div><\/div>\t\t\t\t\t<\/div>\n\t\t\t\t\t\t<\/div>\n\t\t\t\t<\/div>\n\t\t\t\t\t\t<\/div>\n\t\t\t\t\t<\/div>\n\t\t<\/div>\n\t\t\t\t\t\t\t\t<\/div>\n\t\t\t\t\t<\/div>\n\t\t<\/section>\n\t\t\t\t<section class=\"elementor-section elementor-top-section elementor-element elementor-element-d1d4531 ct-section-stretched elementor-section-full_width elementor-section-height-default elementor-section-height-default\" data-id=\"d1d4531\" data-element_type=\"section\">\n\t\t\t\t\t\t<div class=\"elementor-container elementor-column-gap-default\">\n\t\t\t\t\t\t\t<div class=\"elementor-row\">\n\t\t\t\t\t<div class=\"elementor-column elementor-col-100 elementor-top-column elementor-element elementor-element-1155ab3\" data-id=\"1155ab3\" data-element_type=\"column\">\n\t\t\t<div class=\"elementor-column-wrap\">\n\t\t\t\t\t\t\t<div class=\"elementor-widget-wrap\">\n\t\t\t\t\t\t\t\t<\/div>\n\t\t\t\t\t<\/div>\n\t\t<\/div>\n\t\t\t\t\t\t\t\t<\/div>\n\t\t\t\t\t<\/div>\n\t\t<\/section>\n\t\t\t\t\t\t\t\t\t<\/div>\n\t\t\t<\/div>\n\t\t\t\t\t<\/div>\n\t\t","protected":false},"excerpt":{"rendered":"<p>POlishing Detailing Ceramic coating Sale Gtechniq smart surface science combines the latest in fields such as nanochemistry and supramolecular chemistry, with rigorous real-world and laboratory testing. The premise for all Gtechniq products is to hit a sweet spot of performance, ease of application and price. We apply the same principle to our whole range of [&hellip;]<\/p>\n","protected":false},"author":1,"featured_media":0,"parent":0,"menu_order":0,"comment_status":"closed","ping_status":"closed","template":"elementor_header_footer","meta":{"_acf_changed":false,"inline_featured_image":false,"footnotes":""},"class_list":["post-1523","page","type-page","status-publish","hentry"],"blocksy_meta":{"styles_descriptor":{"styles":{"desktop":"","tablet":"","mobile":""},"google_fonts":[],"version":6}},"acf":[],"yoast_head":"<!-- This site is optimized with the Yoast SEO plugin v20.3 - https:\/\/yoast.com\/wordpress\/plugins\/seo\/ -->\n<title>Car Detailing and ceramic coating - B\u00cdLAVERKST\u00c6\u00d0I FLU\u00d0IR - JB VI\u00d0GER\u00d0IR<\/title>\n<meta name=\"robots\" content=\"index, follow, max-snippet:-1, max-image-preview:large, max-video-preview:-1\" \/>\n<link rel=\"canonical\" href=\"https:\/\/jbvidgerdir.is\/is\/car-detailing-and-ceramic-coating\/\" \/>\n<meta property=\"og:locale\" content=\"is_IS\" \/>\n<meta property=\"og:type\" content=\"article\" \/>\n<meta property=\"og:title\" content=\"Car Detailing and ceramic coating - B\u00cdLAVERKST\u00c6\u00d0I FLU\u00d0IR - JB VI\u00d0GER\u00d0IR\" \/>\n<meta property=\"og:description\" content=\"POlishing Detailing Ceramic coating Sale Gtechniq smart surface science combines the latest in fields such as nanochemistry and supramolecular chemistry, with rigorous real-world and laboratory testing. The premise for all Gtechniq products is to hit a sweet spot of performance, ease of application and price. We apply the same principle to our whole range of [&hellip;]\" \/>\n<meta property=\"og:url\" content=\"https:\/\/jbvidgerdir.is\/is\/car-detailing-and-ceramic-coating\/\" \/>\n<meta property=\"og:site_name\" content=\"B\u00cdLAVERKST\u00c6\u00d0I FLU\u00d0IR - JB VI\u00d0GER\u00d0IR\" \/>\n<meta property=\"article:modified_time\" content=\"2022-02-23T10:07:35+00:00\" \/>\n<meta property=\"og:image\" content=\"https:\/\/jbvidgerdir.is\/wp-content\/uploads\/2022\/02\/Gtechniq-Logo-1-300x89.png\" \/>\n<meta name=\"twitter:card\" content=\"summary_large_image\" \/>\n<meta name=\"twitter:label1\" content=\"Est. reading time\" \/>\n\t<meta name=\"twitter:data1\" content=\"2 minutes\" \/>\n<script type=\"application\/ld+json\" class=\"yoast-schema-graph\">{\"@context\":\"https:\/\/schema.org\",\"@graph\":[{\"@type\":\"WebPage\",\"@id\":\"https:\/\/jbvidgerdir.is\/is\/car-detailing-and-ceramic-coating\/\",\"url\":\"https:\/\/jbvidgerdir.is\/is\/car-detailing-and-ceramic-coating\/\",\"name\":\"Car Detailing and ceramic coating - B\u00cdLAVERKST\u00c6\u00d0I FLU\u00d0IR - JB VI\u00d0GER\u00d0IR\",\"isPartOf\":{\"@id\":\"https:\/\/jbvidgerdir.is\/#website\"},\"datePublished\":\"2022-02-09T10:08:25+00:00\",\"dateModified\":\"2022-02-23T10:07:35+00:00\",\"breadcrumb\":{\"@id\":\"https:\/\/jbvidgerdir.is\/is\/car-detailing-and-ceramic-coating\/#breadcrumb\"},\"inLanguage\":\"is\",\"potentialAction\":[{\"@type\":\"ReadAction\",\"target\":[\"https:\/\/jbvidgerdir.is\/is\/car-detailing-and-ceramic-coating\/\"]}]},{\"@type\":\"BreadcrumbList\",\"@id\":\"https:\/\/jbvidgerdir.is\/is\/car-detailing-and-ceramic-coating\/#breadcrumb\",\"itemListElement\":[{\"@type\":\"ListItem\",\"position\":1,\"name\":\"Home\",\"item\":\"https:\/\/jbvidgerdir.is\/is\/\"},{\"@type\":\"ListItem\",\"position\":2,\"name\":\"Car Detailing and ceramic coating\"}]},{\"@type\":\"WebSite\",\"@id\":\"https:\/\/jbvidgerdir.is\/#website\",\"url\":\"https:\/\/jbvidgerdir.is\/\",\"name\":\"B\u00cdLAVERKST\u00c6\u00d0I FLU\u00d0IR - JB VI\u00d0GER\u00d0IR\",\"description\":\"Car mechanic in Flu\u00f0ir\",\"publisher\":{\"@id\":\"https:\/\/jbvidgerdir.is\/#organization\"},\"potentialAction\":[{\"@type\":\"SearchAction\",\"target\":{\"@type\":\"EntryPoint\",\"urlTemplate\":\"https:\/\/jbvidgerdir.is\/?s={search_term_string}\"},\"query-input\":\"required name=search_term_string\"}],\"inLanguage\":\"is\"},{\"@type\":\"Organization\",\"@id\":\"https:\/\/jbvidgerdir.is\/#organization\",\"name\":\"B\u00cdLAVERKST\u00c6\u00d0I JB VI\u00d0GER\u00d0IR\",\"url\":\"https:\/\/jbvidgerdir.is\/\",\"logo\":{\"@type\":\"ImageObject\",\"inLanguage\":\"is\",\"@id\":\"https:\/\/jbvidgerdir.is\/#\/schema\/logo\/image\/\",\"url\":\"https:\/\/jbvidgerdir.is\/wp-content\/uploads\/2020\/07\/logo-jbvidgerdir.png\",\"contentUrl\":\"https:\/\/jbvidgerdir.is\/wp-content\/uploads\/2020\/07\/logo-jbvidgerdir.png\",\"width\":250,\"height\":69,\"caption\":\"B\u00cdLAVERKST\u00c6\u00d0I JB VI\u00d0GER\u00d0IR\"},\"image\":{\"@id\":\"https:\/\/jbvidgerdir.is\/#\/schema\/logo\/image\/\"}}]}<\/script>\n<!-- \/ Yoast SEO plugin. -->","yoast_head_json":{"title":"Car Detailing and ceramic coating - B\u00cdLAVERKST\u00c6\u00d0I FLU\u00d0IR - JB VI\u00d0GER\u00d0IR","robots":{"index":"index","follow":"follow","max-snippet":"max-snippet:-1","max-image-preview":"max-image-preview:large","max-video-preview":"max-video-preview:-1"},"canonical":"https:\/\/jbvidgerdir.is\/is\/car-detailing-and-ceramic-coating\/","og_locale":"is_IS","og_type":"article","og_title":"Car Detailing and ceramic coating - B\u00cdLAVERKST\u00c6\u00d0I FLU\u00d0IR - JB VI\u00d0GER\u00d0IR","og_description":"POlishing Detailing Ceramic coating Sale Gtechniq smart surface science combines the latest in fields such as nanochemistry and supramolecular chemistry, with rigorous real-world and laboratory testing. The premise for all Gtechniq products is to hit a sweet spot of performance, ease of application and price. We apply the same principle to our whole range of [&hellip;]","og_url":"https:\/\/jbvidgerdir.is\/is\/car-detailing-and-ceramic-coating\/","og_site_name":"B\u00cdLAVERKST\u00c6\u00d0I FLU\u00d0IR - JB VI\u00d0GER\u00d0IR","article_modified_time":"2022-02-23T10:07:35+00:00","og_image":[{"url":"https:\/\/jbvidgerdir.is\/wp-content\/uploads\/2022\/02\/Gtechniq-Logo-1-300x89.png"}],"twitter_card":"summary_large_image","twitter_misc":{"Est. reading time":"2 minutes"},"schema":{"@context":"https:\/\/schema.org","@graph":[{"@type":"WebPage","@id":"https:\/\/jbvidgerdir.is\/is\/car-detailing-and-ceramic-coating\/","url":"https:\/\/jbvidgerdir.is\/is\/car-detailing-and-ceramic-coating\/","name":"Car Detailing and ceramic coating - B\u00cdLAVERKST\u00c6\u00d0I FLU\u00d0IR - JB VI\u00d0GER\u00d0IR","isPartOf":{"@id":"https:\/\/jbvidgerdir.is\/#website"},"datePublished":"2022-02-09T10:08:25+00:00","dateModified":"2022-02-23T10:07:35+00:00","breadcrumb":{"@id":"https:\/\/jbvidgerdir.is\/is\/car-detailing-and-ceramic-coating\/#breadcrumb"},"inLanguage":"is","potentialAction":[{"@type":"ReadAction","target":["https:\/\/jbvidgerdir.is\/is\/car-detailing-and-ceramic-coating\/"]}]},{"@type":"BreadcrumbList","@id":"https:\/\/jbvidgerdir.is\/is\/car-detailing-and-ceramic-coating\/#breadcrumb","itemListElement":[{"@type":"ListItem","position":1,"name":"Home","item":"https:\/\/jbvidgerdir.is\/is\/"},{"@type":"ListItem","position":2,"name":"Car Detailing and ceramic coating"}]},{"@type":"WebSite","@id":"https:\/\/jbvidgerdir.is\/#website","url":"https:\/\/jbvidgerdir.is\/","name":"B\u00cdLAVERKST\u00c6\u00d0I FLU\u00d0IR - JB VI\u00d0GER\u00d0IR","description":"Car mechanic in Flu\u00f0ir","publisher":{"@id":"https:\/\/jbvidgerdir.is\/#organization"},"potentialAction":[{"@type":"SearchAction","target":{"@type":"EntryPoint","urlTemplate":"https:\/\/jbvidgerdir.is\/?s={search_term_string}"},"query-input":"required name=search_term_string"}],"inLanguage":"is"},{"@type":"Organization","@id":"https:\/\/jbvidgerdir.is\/#organization","name":"B\u00cdLAVERKST\u00c6\u00d0I JB VI\u00d0GER\u00d0IR","url":"https:\/\/jbvidgerdir.is\/","logo":{"@type":"ImageObject","inLanguage":"is","@id":"https:\/\/jbvidgerdir.is\/#\/schema\/logo\/image\/","url":"https:\/\/jbvidgerdir.is\/wp-content\/uploads\/2020\/07\/logo-jbvidgerdir.png","contentUrl":"https:\/\/jbvidgerdir.is\/wp-content\/uploads\/2020\/07\/logo-jbvidgerdir.png","width":250,"height":69,"caption":"B\u00cdLAVERKST\u00c6\u00d0I JB VI\u00d0GER\u00d0IR"},"image":{"@id":"https:\/\/jbvidgerdir.is\/#\/schema\/logo\/image\/"}}]}},"_links":{"self":[{"href":"https:\/\/jbvidgerdir.is\/is\/wp-json\/wp\/v2\/pages\/1523","targetHints":{"allow":["GET"]}}],"collection":[{"href":"https:\/\/jbvidgerdir.is\/is\/wp-json\/wp\/v2\/pages"}],"about":[{"href":"https:\/\/jbvidgerdir.is\/is\/wp-json\/wp\/v2\/types\/page"}],"author":[{"embeddable":true,"href":"https:\/\/jbvidgerdir.is\/is\/wp-json\/wp\/v2\/users\/1"}],"replies":[{"embeddable":true,"href":"https:\/\/jbvidgerdir.is\/is\/wp-json\/wp\/v2\/comments?post=1523"}],"version-history":[{"count":0,"href":"https:\/\/jbvidgerdir.is\/is\/wp-json\/wp\/v2\/pages\/1523\/revisions"}],"wp:attachment":[{"href":"https:\/\/jbvidgerdir.is\/is\/wp-json\/wp\/v2\/media?parent=1523"}],"curies":[{"name":"wp","href":"https:\/\/api.w.org\/{rel}","templated":true}]}}